{"id":1630,"date":"2023-03-09T20:40:30","date_gmt":"2023-03-09T20:40:30","guid":{"rendered":"https:\/\/29e4aaa2-b025-48da-b57e-79ef59e549ee.eu02.conves.io\/?page_id=1630"},"modified":"2024-10-28T12:42:01","modified_gmt":"2024-10-28T12:42:01","slug":"results","status":"publish","type":"page","link":"https:\/\/ecofutureproject.eu\/it\/results\/","title":{"rendered":"Risultati"},"content":{"rendered":"<div data-elementor-type=\"wp-page\" data-elementor-id=\"1630\" class=\"elementor elementor-1630\">\n\t\t\t\t\t\t<section class=\"has_eae_slider elementor-section elementor-top-section elementor-element elementor-element-8b0fc0f elementor-section-boxed elementor-section-height-default elementor-section-height-default\" data-eae-slider=\"36581\" data-id=\"8b0fc0f\" data-element_type=\"section\" data-e-type=\"section\">\n\t\t\t\t\t\t<div class=\"elementor-container elementor-column-gap-default\">\n\t\t\t\t\t<div class=\"has_eae_slider elementor-column elementor-col-100 elementor-top-column elementor-element elementor-element-46d1978\" data-eae-slider=\"87153\" data-id=\"46d1978\" data-element_type=\"column\" data-e-type=\"column\">\n\t\t\t<div class=\"elementor-widget-wrap elementor-element-populated\">\n\t\t\t\t\t\t<div class=\"elementor-element elementor-element-6d2e86c elementor-widget elementor-widget-heading\" data-id=\"6d2e86c\" data-element_type=\"widget\" data-e-type=\"widget\" data-widget_type=\"heading.default\">\n\t\t\t\t<div class=\"elementor-widget-container\">\n\t\t\t\t\t<h2 class=\"elementor-heading-title elementor-size-default\">Risultati<\/h2>\t\t\t\t<\/div>\n\t\t\t\t<\/div>\n\t\t\t\t<div class=\"elementor-element elementor-element-abaed6c elementor-widget-divider--view-line elementor-widget elementor-widget-divider\" data-id=\"abaed6c\" data-element_type=\"widget\" data-e-type=\"widget\" data-widget_type=\"divider.default\">\n\t\t\t\t<div class=\"elementor-widget-container\">\n\t\t\t\t\t\t\t<div class=\"elementor-divider\">\n\t\t\t<span class=\"elementor-divider-separator\">\n\t\t\t\t\t\t<\/span>\n\t\t<\/div>\n\t\t\t\t\t\t<\/div>\n\t\t\t\t<\/div>\n\t\t\t\t\t<\/div>\n\t\t<\/div>\n\t\t\t\t\t<\/div>\n\t\t<\/section>\n\t\t\t\t<section class=\"has_eae_slider elementor-section elementor-top-section elementor-element elementor-element-617ba87 elementor-section-boxed elementor-section-height-default elementor-section-height-default\" data-eae-slider=\"11583\" data-id=\"617ba87\" data-element_type=\"section\" data-e-type=\"section\" data-settings=\"{&quot;background_background&quot;:&quot;classic&quot;}\">\n\t\t\t\t\t\t<div class=\"elementor-container elementor-column-gap-default\">\n\t\t\t\t\t<div class=\"has_eae_slider elementor-column elementor-col-33 elementor-top-column elementor-element elementor-element-4fa538e\" data-eae-slider=\"9024\" data-id=\"4fa538e\" data-element_type=\"column\" data-e-type=\"column\" data-settings=\"{&quot;background_background&quot;:&quot;classic&quot;}\">\n\t\t\t<div class=\"elementor-widget-wrap elementor-element-populated\">\n\t\t\t\t\t\t<div class=\"elementor-element elementor-element-ac97325 elementor-widget elementor-widget-image\" data-id=\"ac97325\" data-element_type=\"widget\" data-e-type=\"widget\" data-widget_type=\"image.default\">\n\t\t\t\t<div class=\"elementor-widget-container\">\n\t\t\t\t\t\t\t\t\t\t\t\t\t\t\t<img fetchpriority=\"high\" decoding=\"async\" width=\"512\" height=\"512\" src=\"https:\/\/ecofutureproject.eu\/wp-content\/uploads\/2023\/07\/manual-1.png\" class=\"attachment-large size-large wp-image-2079\" alt=\"\" \/>\t\t\t\t\t\t\t\t\t\t\t\t\t\t\t<\/div>\n\t\t\t\t<\/div>\n\t\t\t\t<div class=\"elementor-element elementor-element-d8c8145 elementor-widget elementor-widget-heading\" data-id=\"d8c8145\" data-element_type=\"widget\" data-e-type=\"widget\" data-widget_type=\"heading.default\">\n\t\t\t\t<div class=\"elementor-widget-container\">\n\t\t\t\t\t<h2 class=\"elementor-heading-title elementor-size-default\">Manuale<\/h2>\t\t\t\t<\/div>\n\t\t\t\t<\/div>\n\t\t\t\t<div class=\"elementor-element elementor-element-6841abf elementor-widget elementor-widget-text-editor\" data-id=\"6841abf\" data-element_type=\"widget\" data-e-type=\"widget\" data-widget_type=\"text-editor.default\">\n\t\t\t\t<div class=\"elementor-widget-container\">\n\t\t\t\t\t\t\t\t\t<p>Introduzione ai temi del progetto.<\/p><p>Rapporto di ricerca sull'educazione all'economia circolare e il tinkering per i giovani alunni.<\/p><p>Training format per insegnanti che utilizzano l'educazione non formale e armeggiare per promuovere l'eco-consapevolezza negli alunni (6-12).<\/p>\t\t\t\t\t\t\t\t<\/div>\n\t\t\t\t<\/div>\n\t\t\t\t<div class=\"elementor-element elementor-element-48abf1f elementor-align-center elementor-widget elementor-widget-button\" data-id=\"48abf1f\" data-element_type=\"widget\" data-e-type=\"widget\" data-widget_type=\"button.default\">\n\t\t\t\t<div class=\"elementor-widget-container\">\n\t\t\t\t\t\t\t\t\t<div class=\"elementor-button-wrapper\">\n\t\t\t\t\t<a class=\"elementor-button elementor-button-link elementor-size-sm elementor-animation-float\" href=\"https:\/\/ecofutureproject.eu\/wp-content\/uploads\/2024\/10\/PR1-ECO-FUTURE-Manual-ITALIANO-1.pdf\" target=\"_blank\">\n\t\t\t\t\t\t<span class=\"elementor-button-content-wrapper\">\n\t\t\t\t\t\t\t\t\t<span class=\"elementor-button-text\">Clicca qui!<\/span>\n\t\t\t\t\t<\/span>\n\t\t\t\t\t<\/a>\n\t\t\t\t<\/div>\n\t\t\t\t\t\t\t\t<\/div>\n\t\t\t\t<\/div>\n\t\t\t\t\t<\/div>\n\t\t<\/div>\n\t\t\t\t<div class=\"has_eae_slider elementor-column elementor-col-33 elementor-top-column elementor-element elementor-element-3ba05d7\" data-eae-slider=\"86591\" data-id=\"3ba05d7\" data-element_type=\"column\" data-e-type=\"column\">\n\t\t\t<div class=\"elementor-widget-wrap\">\n\t\t\t\t\t\t\t<\/div>\n\t\t<\/div>\n\t\t\t\t<div class=\"has_eae_slider elementor-column elementor-col-33 elementor-top-column elementor-element elementor-element-4c3b930\" data-eae-slider=\"16575\" data-id=\"4c3b930\" data-element_type=\"column\" data-e-type=\"column\" data-settings=\"{&quot;background_background&quot;:&quot;classic&quot;}\">\n\t\t\t<div class=\"elementor-widget-wrap elementor-element-populated\">\n\t\t\t\t\t\t<div class=\"elementor-element elementor-element-503d457 elementor-widget elementor-widget-image\" data-id=\"503d457\" data-element_type=\"widget\" data-e-type=\"widget\" data-widget_type=\"image.default\">\n\t\t\t\t<div class=\"elementor-widget-container\">\n\t\t\t\t\t\t\t\t\t\t\t\t\t\t\t<img decoding=\"async\" width=\"512\" height=\"512\" src=\"https:\/\/ecofutureproject.eu\/wp-content\/uploads\/2023\/07\/manual.png\" class=\"attachment-large size-large wp-image-2081\" alt=\"\" \/>\t\t\t\t\t\t\t\t\t\t\t\t\t\t\t<\/div>\n\t\t\t\t<\/div>\n\t\t\t\t<div class=\"elementor-element elementor-element-62a07e0 elementor-widget elementor-widget-heading\" data-id=\"62a07e0\" data-element_type=\"widget\" data-e-type=\"widget\" data-widget_type=\"heading.default\">\n\t\t\t\t<div class=\"elementor-widget-container\">\n\t\t\t\t\t<h2 class=\"elementor-heading-title elementor-size-default\">Toolkit<\/h2>\t\t\t\t<\/div>\n\t\t\t\t<\/div>\n\t\t\t\t<div class=\"elementor-element elementor-element-822d91b elementor-widget elementor-widget-text-editor\" data-id=\"822d91b\" data-element_type=\"widget\" data-e-type=\"widget\" data-widget_type=\"text-editor.default\">\n\t\t\t\t<div class=\"elementor-widget-container\">\n\t\t\t\t\t\t\t\t\t<p>Nella fase delle attivit\u00e0 locali sono stati messi in atto laboratori pratici di raccolta di risorse e attivit\u00e0 su sostenibilit\u00e0, economia circolare e cittadinanza eco-responsabile, oltre a una descrizione della metodologia del tinkering.<\/p>\t\t\t\t\t\t\t\t<\/div>\n\t\t\t\t<\/div>\n\t\t\t\t<div class=\"elementor-element elementor-element-a8e1368 elementor-align-center elementor-widget elementor-widget-button\" data-id=\"a8e1368\" data-element_type=\"widget\" data-e-type=\"widget\" data-widget_type=\"button.default\">\n\t\t\t\t<div class=\"elementor-widget-container\">\n\t\t\t\t\t\t\t\t\t<div class=\"elementor-button-wrapper\">\n\t\t\t\t\t<a class=\"elementor-button elementor-button-link elementor-size-sm elementor-animation-float\" href=\"https:\/\/ecofutureproject.eu\/wp-content\/uploads\/2024\/10\/ECOFUTURE-TOOLKIT-ITA.pdf\" target=\"_blank\">\n\t\t\t\t\t\t<span class=\"elementor-button-content-wrapper\">\n\t\t\t\t\t\t\t\t\t<span class=\"elementor-button-text\">Clicca qui!<\/span>\n\t\t\t\t\t<\/span>\n\t\t\t\t\t<\/a>\n\t\t\t\t<\/div>\n\t\t\t\t\t\t\t\t<\/div>\n\t\t\t\t<\/div>\n\t\t\t\t\t<\/div>\n\t\t<\/div>\n\t\t\t\t\t<\/div>\n\t\t<\/section>\n\t\t\t\t<section class=\"has_eae_slider elementor-section elementor-top-section elementor-element elementor-element-3431746 elementor-section-boxed elementor-section-height-default elementor-section-height-default\" data-eae-slider=\"18138\" data-id=\"3431746\" data-element_type=\"section\" data-e-type=\"section\" data-settings=\"{&quot;background_background&quot;:&quot;classic&quot;}\">\n\t\t\t\t\t\t<div class=\"elementor-container elementor-column-gap-default\">\n\t\t\t\t\t<div class=\"has_eae_slider elementor-column elementor-col-33 elementor-top-column elementor-element elementor-element-9a8a2c8\" data-eae-slider=\"20227\" data-id=\"9a8a2c8\" data-element_type=\"column\" data-e-type=\"column\">\n\t\t\t<div class=\"elementor-widget-wrap\">\n\t\t\t\t\t\t\t<\/div>\n\t\t<\/div>\n\t\t\t\t<div class=\"has_eae_slider elementor-column elementor-col-33 elementor-top-column elementor-element elementor-element-d6d00f7\" data-eae-slider=\"69340\" data-id=\"d6d00f7\" data-element_type=\"column\" data-e-type=\"column\" data-settings=\"{&quot;background_background&quot;:&quot;classic&quot;}\">\n\t\t\t<div class=\"elementor-widget-wrap elementor-element-populated\">\n\t\t\t\t\t\t<div class=\"elementor-element elementor-element-4d11595 elementor-widget elementor-widget-image\" data-id=\"4d11595\" data-element_type=\"widget\" data-e-type=\"widget\" data-widget_type=\"image.default\">\n\t\t\t\t<div class=\"elementor-widget-container\">\n\t\t\t\t\t\t\t\t\t\t\t\t\t\t\t<img decoding=\"async\" width=\"512\" height=\"512\" src=\"https:\/\/ecofutureproject.eu\/wp-content\/uploads\/2023\/07\/comic.png\" class=\"attachment-large size-large wp-image-2080\" alt=\"\" srcset=\"https:\/\/ecofutureproject.eu\/wp-content\/uploads\/2023\/07\/comic.png 512w, https:\/\/ecofutureproject.eu\/wp-content\/uploads\/2023\/07\/comic-300x300.png 300w, https:\/\/ecofutureproject.eu\/wp-content\/uploads\/2023\/07\/comic-150x150.png 150w, https:\/\/ecofutureproject.eu\/wp-content\/uploads\/2023\/07\/comic-12x12.png 12w\" sizes=\"(max-width: 512px) 100vw, 512px\" \/>\t\t\t\t\t\t\t\t\t\t\t\t\t\t\t<\/div>\n\t\t\t\t<\/div>\n\t\t\t\t<div class=\"elementor-element elementor-element-14ab0f1 elementor-widget elementor-widget-heading\" data-id=\"14ab0f1\" data-element_type=\"widget\" data-e-type=\"widget\" data-widget_type=\"heading.default\">\n\t\t\t\t<div class=\"elementor-widget-container\">\n\t\t\t\t\t<h2 class=\"elementor-heading-title elementor-size-default\">Cartoni Animati<\/h2>\t\t\t\t<\/div>\n\t\t\t\t<\/div>\n\t\t\t\t<div class=\"elementor-element elementor-element-21afbaf elementor-widget elementor-widget-text-editor\" data-id=\"21afbaf\" data-element_type=\"widget\" data-e-type=\"widget\" data-widget_type=\"text-editor.default\">\n\t\t\t\t<div class=\"elementor-widget-container\">\n\t\t\t\t\t\t\t\t\t<p>\u00c8 stata sviluppata una serie di cartoni animati per insegnare ai giovani studenti i principi dell'economia circolare. La serie \u00e8 composta da quattro episodi coinvolgenti, ciascuno dedicato al riciclo e alla gestione sostenibile di diversi materiali come carta, plastica, alluminio e altro. Grazie a personaggi divertenti e a scenari verosimili, la serie mira a ispirare i bambini a comprendere l'importanza del riciclo e a praticare abitudini rispettose dell'ambiente nella loro vita quotidiana.\u00a0<\/p>\t\t\t\t\t\t\t\t<\/div>\n\t\t\t\t<\/div>\n\t\t\t\t<div class=\"elementor-element elementor-element-befeadd elementor-align-center elementor-widget elementor-widget-button\" data-id=\"befeadd\" data-element_type=\"widget\" data-e-type=\"widget\" data-widget_type=\"button.default\">\n\t\t\t\t<div class=\"elementor-widget-container\">\n\t\t\t\t\t\t\t\t\t<div class=\"elementor-button-wrapper\">\n\t\t\t\t\t<a class=\"elementor-button elementor-size-sm elementor-animation-float\" role=\"button\">\n\t\t\t\t\t\t<span class=\"elementor-button-content-wrapper\">\n\t\t\t\t\t\t\t\t\t<span class=\"elementor-button-text\">Guarda i Cartoni cliccando qui sotto!<\/span>\n\t\t\t\t\t<\/span>\n\t\t\t\t\t<\/a>\n\t\t\t\t<\/div>\n\t\t\t\t\t\t\t\t<\/div>\n\t\t\t\t<\/div>\n\t\t\t\t\t<\/div>\n\t\t<\/div>\n\t\t\t\t<div class=\"has_eae_slider elementor-column elementor-col-33 elementor-top-column elementor-element elementor-element-eab6f45\" data-eae-slider=\"8319\" data-id=\"eab6f45\" data-element_type=\"column\" data-e-type=\"column\">\n\t\t\t<div class=\"elementor-widget-wrap\">\n\t\t\t\t\t\t\t<\/div>\n\t\t<\/div>\n\t\t\t\t\t<\/div>\n\t\t<\/section>\n\t\t<div class=\"has_eae_slider elementor-element elementor-element-025a143 e-grid e-con-boxed e-con e-parent\" data-eae-slider=\"76651\" data-id=\"025a143\" data-element_type=\"container\" data-e-type=\"container\">\n\t\t\t\t\t<div class=\"e-con-inner\">\n\t\t\t\t<div class=\"elementor-element elementor-element-d33c497 elementor-widget elementor-widget-image\" data-id=\"d33c497\" data-element_type=\"widget\" data-e-type=\"widget\" data-widget_type=\"image.default\">\n\t\t\t\t<div class=\"elementor-widget-container\">\n\t\t\t\t\t\t\t\t\t\t\t\t<figure class=\"wp-caption\">\n\t\t\t\t\t\t\t\t\t\t\t<a href=\"https:\/\/ecofutureproject.eu\/wp-content\/uploads\/2024\/10\/Aluminium-Italy_2.mp4\">\n\t\t\t\t\t\t\t<img loading=\"lazy\" decoding=\"async\" width=\"843\" height=\"428\" src=\"https:\/\/ecofutureproject.eu\/wp-content\/uploads\/2024\/10\/Screenshot-2024-10-11-005020-1024x520.png\" class=\"attachment-large size-large wp-image-2479\" alt=\"\" srcset=\"https:\/\/ecofutureproject.eu\/wp-content\/uploads\/2024\/10\/Screenshot-2024-10-11-005020-1024x520.png 1024w, https:\/\/ecofutureproject.eu\/wp-content\/uploads\/2024\/10\/Screenshot-2024-10-11-005020-300x152.png 300w, https:\/\/ecofutureproject.eu\/wp-content\/uploads\/2024\/10\/Screenshot-2024-10-11-005020-768x390.png 768w, https:\/\/ecofutureproject.eu\/wp-content\/uploads\/2024\/10\/Screenshot-2024-10-11-005020-1536x780.png 1536w, https:\/\/ecofutureproject.eu\/wp-content\/uploads\/2024\/10\/Screenshot-2024-10-11-005020-18x9.png 18w, https:\/\/ecofutureproject.eu\/wp-content\/uploads\/2024\/10\/Screenshot-2024-10-11-005020.png 1883w\" sizes=\"(max-width: 843px) 100vw, 843px\" \/>\t\t\t\t\t\t\t\t<\/a>\n\t\t\t\t\t\t\t\t\t\t\t<figcaption class=\"widget-image-caption wp-caption-text\">AVVENTURE DI ALLUMINIO: LA MISSIONE ENERGETICA Guarda come Trashzilla \u00e8 stato convinto a imparare l'importanza del riciclaggio dell'alluminio.<\/figcaption>\n\t\t\t\t\t\t\t\t\t\t<\/figure>\n\t\t\t\t\t\t\t\t\t<\/div>\n\t\t\t\t<\/div>\n\t\t\t\t<div class=\"elementor-element elementor-element-ac2998a elementor-widget elementor-widget-image\" data-id=\"ac2998a\" data-element_type=\"widget\" data-e-type=\"widget\" data-widget_type=\"image.default\">\n\t\t\t\t<div class=\"elementor-widget-container\">\n\t\t\t\t\t\t\t\t\t\t\t\t<figure class=\"wp-caption\">\n\t\t\t\t\t\t\t\t\t\t\t<a href=\"https:\/\/ecofutureproject.eu\/wp-content\/uploads\/2024\/10\/Glass-ita-fin.mp4\">\n\t\t\t\t\t\t\t<img loading=\"lazy\" decoding=\"async\" width=\"843\" height=\"426\" src=\"https:\/\/ecofutureproject.eu\/wp-content\/uploads\/2024\/08\/Screenshot-210-1024x517.png\" class=\"attachment-large size-large wp-image-2406\" alt=\"\" srcset=\"https:\/\/ecofutureproject.eu\/wp-content\/uploads\/2024\/08\/Screenshot-210-1024x517.png 1024w, https:\/\/ecofutureproject.eu\/wp-content\/uploads\/2024\/08\/Screenshot-210-300x152.png 300w, https:\/\/ecofutureproject.eu\/wp-content\/uploads\/2024\/08\/Screenshot-210-768x388.png 768w, https:\/\/ecofutureproject.eu\/wp-content\/uploads\/2024\/08\/Screenshot-210-1536x776.png 1536w, https:\/\/ecofutureproject.eu\/wp-content\/uploads\/2024\/08\/Screenshot-210-18x9.png 18w, https:\/\/ecofutureproject.eu\/wp-content\/uploads\/2024\/08\/Screenshot-210.png 1887w\" sizes=\"(max-width: 843px) 100vw, 843px\" \/>\t\t\t\t\t\t\t\t<\/a>\n\t\t\t\t\t\t\t\t\t\t\t<figcaption class=\"widget-image-caption wp-caption-text\">THE GLASS GAIA: In questo episodio scoprirai come Ecoville \u00e8 disseminata di vetro e come i nostri eroi sono intervenuti per promuovere il riciclaggio del vetro.<\/figcaption>\n\t\t\t\t\t\t\t\t\t\t<\/figure>\n\t\t\t\t\t\t\t\t\t<\/div>\n\t\t\t\t<\/div>\n\t\t\t\t<div class=\"elementor-element elementor-element-fec862d elementor-widget elementor-widget-image\" data-id=\"fec862d\" data-element_type=\"widget\" data-e-type=\"widget\" data-widget_type=\"image.default\">\n\t\t\t\t<div class=\"elementor-widget-container\">\n\t\t\t\t\t\t\t\t\t\t\t\t<figure class=\"wp-caption\">\n\t\t\t\t\t\t\t\t\t\t\t<a href=\"https:\/\/ecofutureproject.eu\/wp-content\/uploads\/2024\/10\/Plastic-Ita.mp4\">\n\t\t\t\t\t\t\t<img loading=\"lazy\" decoding=\"async\" width=\"843\" height=\"474\" src=\"https:\/\/ecofutureproject.eu\/wp-content\/uploads\/2024\/08\/Screenshot-214-1024x576.png\" class=\"attachment-large size-large wp-image-2407\" alt=\"\" srcset=\"https:\/\/ecofutureproject.eu\/wp-content\/uploads\/2024\/08\/Screenshot-214-1024x576.png 1024w, https:\/\/ecofutureproject.eu\/wp-content\/uploads\/2024\/08\/Screenshot-214-300x169.png 300w, https:\/\/ecofutureproject.eu\/wp-content\/uploads\/2024\/08\/Screenshot-214-768x432.png 768w, https:\/\/ecofutureproject.eu\/wp-content\/uploads\/2024\/08\/Screenshot-214-1536x864.png 1536w, https:\/\/ecofutureproject.eu\/wp-content\/uploads\/2024\/08\/Screenshot-214-18x10.png 18w, https:\/\/ecofutureproject.eu\/wp-content\/uploads\/2024\/08\/Screenshot-214.png 1920w\" sizes=\"(max-width: 843px) 100vw, 843px\" \/>\t\t\t\t\t\t\t\t<\/a>\n\t\t\t\t\t\t\t\t\t\t\t<figcaption class=\"widget-image-caption wp-caption-text\">I GUARDIANI VERDI: UNA SFIDA DI PLASTICA Guarda i nostri eroi affrontare la sfida contro TrashZilla per pulire la spiaggia e riciclare la plastica.<\/figcaption>\n\t\t\t\t\t\t\t\t\t\t<\/figure>\n\t\t\t\t\t\t\t\t\t<\/div>\n\t\t\t\t<\/div>\n\t\t\t\t<div class=\"elementor-element elementor-element-d0809a7 elementor-widget elementor-widget-image\" data-id=\"d0809a7\" data-element_type=\"widget\" data-e-type=\"widget\" data-widget_type=\"image.default\">\n\t\t\t\t<div class=\"elementor-widget-container\">\n\t\t\t\t\t\t\t\t\t\t\t\t<figure class=\"wp-caption\">\n\t\t\t\t\t\t\t\t\t\t\t<a href=\"https:\/\/ecofutureproject.eu\/wp-content\/uploads\/2024\/10\/Paper-ita-final.mp4\">\n\t\t\t\t\t\t\t<img loading=\"lazy\" decoding=\"async\" width=\"843\" height=\"481\" src=\"https:\/\/ecofutureproject.eu\/wp-content\/uploads\/2024\/10\/Screenshot-2024-10-11-021632.png\" class=\"attachment-large size-large wp-image-2502\" alt=\"\" srcset=\"https:\/\/ecofutureproject.eu\/wp-content\/uploads\/2024\/10\/Screenshot-2024-10-11-021632.png 903w, https:\/\/ecofutureproject.eu\/wp-content\/uploads\/2024\/10\/Screenshot-2024-10-11-021632-300x171.png 300w, https:\/\/ecofutureproject.eu\/wp-content\/uploads\/2024\/10\/Screenshot-2024-10-11-021632-768x438.png 768w, https:\/\/ecofutureproject.eu\/wp-content\/uploads\/2024\/10\/Screenshot-2024-10-11-021632-18x10.png 18w\" sizes=\"(max-width: 843px) 100vw, 843px\" \/>\t\t\t\t\t\t\t\t<\/a>\n\t\t\t\t\t\t\t\t\t\t\t<figcaption class=\"widget-image-caption wp-caption-text\">La Storia della Carta: Guarda come gli eroi hanno iniziato a riciclare la carta.<\/figcaption>\n\t\t\t\t\t\t\t\t\t\t<\/figure>\n\t\t\t\t\t\t\t\t\t<\/div>\n\t\t\t\t<\/div>\n\t\t\t\t\t<\/div>\n\t\t\t\t<\/div>\n\t\t\t\t<\/div>","protected":false},"excerpt":{"rendered":"<p>Results Manual Introduction to project topics. Research report on circular economy education and tinkering for young pupils. Training format for teachers using NFE and tinkering&hellip;<\/p>","protected":false},"author":1,"featured_media":0,"parent":0,"menu_order":0,"comment_status":"closed","ping_status":"closed","template":"","meta":{"footnotes":""},"class_list":["post-1630","page","type-page","status-publish","hentry"],"_links":{"self":[{"href":"https:\/\/ecofutureproject.eu\/it\/wp-json\/wp\/v2\/pages\/1630","targetHints":{"allow":["GET"]}}],"collection":[{"href":"https:\/\/ecofutureproject.eu\/it\/wp-json\/wp\/v2\/pages"}],"about":[{"href":"https:\/\/ecofutureproject.eu\/it\/wp-json\/wp\/v2\/types\/page"}],"author":[{"embeddable":true,"href":"https:\/\/ecofutureproject.eu\/it\/wp-json\/wp\/v2\/users\/1"}],"replies":[{"embeddable":true,"href":"https:\/\/ecofutureproject.eu\/it\/wp-json\/wp\/v2\/comments?post=1630"}],"version-history":[{"count":158,"href":"https:\/\/ecofutureproject.eu\/it\/wp-json\/wp\/v2\/pages\/1630\/revisions"}],"predecessor-version":[{"id":2534,"href":"https:\/\/ecofutureproject.eu\/it\/wp-json\/wp\/v2\/pages\/1630\/revisions\/2534"}],"wp:attachment":[{"href":"https:\/\/ecofutureproject.eu\/it\/wp-json\/wp\/v2\/media?parent=1630"}],"curies":[{"name":"wp","href":"https:\/\/api.w.org\/{rel}","templated":true}]}}