{"id":1532,"date":"2023-01-25T11:59:16","date_gmt":"2023-01-25T11:59:16","guid":{"rendered":"https:\/\/29e4aaa2-b025-48da-b57e-79ef59e549ee.eu02.conves.io\/?page_id=1532"},"modified":"2023-07-26T07:16:30","modified_gmt":"2023-07-26T07:16:30","slug":"objectives","status":"publish","type":"page","link":"https:\/\/ecofutureproject.eu\/it\/objectives\/","title":{"rendered":"Obiettivi"},"content":{"rendered":"<div data-elementor-type=\"wp-page\" data-elementor-id=\"1532\" class=\"elementor elementor-1532\">\n\t\t\t\t\t\t<section class=\"has_eae_slider elementor-section elementor-top-section elementor-element elementor-element-d3517cd elementor-section-boxed elementor-section-height-default elementor-section-height-default\" data-eae-slider=\"91369\" data-id=\"d3517cd\" data-element_type=\"section\" data-e-type=\"section\">\n\t\t\t\t\t\t<div class=\"elementor-container elementor-column-gap-default\">\n\t\t\t\t\t<div class=\"has_eae_slider elementor-column elementor-col-100 elementor-top-column elementor-element elementor-element-5da4381\" data-eae-slider=\"91649\" data-id=\"5da4381\" data-element_type=\"column\" data-e-type=\"column\">\n\t\t\t<div class=\"elementor-widget-wrap elementor-element-populated\">\n\t\t\t\t\t\t<div class=\"elementor-element elementor-element-33478f7 elementor-widget elementor-widget-heading\" data-id=\"33478f7\" data-element_type=\"widget\" data-e-type=\"widget\" data-widget_type=\"heading.default\">\n\t\t\t\t<div class=\"elementor-widget-container\">\n\t\t\t\t\t<h2 class=\"elementor-heading-title elementor-size-default\">Obiettivi<\/h2>\t\t\t\t<\/div>\n\t\t\t\t<\/div>\n\t\t\t\t<div class=\"elementor-element elementor-element-c87ae14 elementor-widget-divider--view-line elementor-widget elementor-widget-divider\" data-id=\"c87ae14\" data-element_type=\"widget\" data-e-type=\"widget\" data-widget_type=\"divider.default\">\n\t\t\t\t<div class=\"elementor-widget-container\">\n\t\t\t\t\t\t\t<div class=\"elementor-divider\">\n\t\t\t<span class=\"elementor-divider-separator\">\n\t\t\t\t\t\t<\/span>\n\t\t<\/div>\n\t\t\t\t\t\t<\/div>\n\t\t\t\t<\/div>\n\t\t\t\t\t<\/div>\n\t\t<\/div>\n\t\t\t\t\t<\/div>\n\t\t<\/section>\n\t\t\t\t<section class=\"has_eae_slider elementor-section elementor-top-section elementor-element elementor-element-be8b287 elementor-section-full_width elementor-section-height-default elementor-section-height-default\" data-eae-slider=\"65551\" data-id=\"be8b287\" data-element_type=\"section\" data-e-type=\"section\" data-settings=\"{&quot;background_background&quot;:&quot;classic&quot;}\">\n\t\t\t\t\t\t<div class=\"elementor-container elementor-column-gap-default\">\n\t\t\t\t\t<div class=\"has_eae_slider elementor-column elementor-col-100 elementor-top-column elementor-element elementor-element-ee21998\" data-eae-slider=\"79798\" data-id=\"ee21998\" data-element_type=\"column\" data-e-type=\"column\">\n\t\t\t<div class=\"elementor-widget-wrap elementor-element-populated\">\n\t\t\t\t\t\t<div class=\"elementor-element elementor-element-de9db09 elementor-widget elementor-widget-text-editor\" data-id=\"de9db09\" data-element_type=\"widget\" data-e-type=\"widget\" data-widget_type=\"text-editor.default\">\n\t\t\t\t<div class=\"elementor-widget-container\">\n\t\t\t\t\t\t\t\t\t<p>ECO-FUTURE si propone:<\/p>\t\t\t\t\t\t\t\t<\/div>\n\t\t\t\t<\/div>\n\t\t<div class=\"has_eae_slider elementor-element elementor-element-f72ea43 e-flex e-con-boxed e-con e-parent\" data-eae-slider=\"4436\" data-id=\"f72ea43\" data-element_type=\"container\" data-e-type=\"container\">\n\t\t\t\t\t<div class=\"e-con-inner\">\n\t\t<div class=\"has_eae_slider elementor-element elementor-element-1f87e3b e-con-full e-flex e-con e-child\" data-eae-slider=\"54247\" data-id=\"1f87e3b\" data-element_type=\"container\" data-e-type=\"container\">\n\t\t\t\t<div class=\"elementor-element elementor-element-6c1528c elementor-widget elementor-widget-image\" data-id=\"6c1528c\" data-element_type=\"widget\" data-e-type=\"widget\" data-widget_type=\"image.default\">\n\t\t\t\t<div class=\"elementor-widget-container\">\n\t\t\t\t\t\t\t\t\t\t\t\t\t\t\t<img fetchpriority=\"high\" decoding=\"async\" width=\"512\" height=\"512\" src=\"https:\/\/ecofutureproject.eu\/wp-content\/uploads\/2023\/07\/goal.png\" class=\"attachment-large size-large wp-image-2087\" alt=\"\" \/>\t\t\t\t\t\t\t\t\t\t\t\t\t\t\t<\/div>\n\t\t\t\t<\/div>\n\t\t\t\t<\/div>\n\t\t<div class=\"has_eae_slider elementor-element elementor-element-76834ca e-con-full e-flex e-con e-child\" data-eae-slider=\"18491\" data-id=\"76834ca\" data-element_type=\"container\" data-e-type=\"container\">\n\t\t\t\t<div class=\"elementor-element elementor-element-92ef6f4 elementor-widget elementor-widget-text-editor\" data-id=\"92ef6f4\" data-element_type=\"widget\" data-e-type=\"widget\" data-widget_type=\"text-editor.default\">\n\t\t\t\t<div class=\"elementor-widget-container\">\n\t\t\t\t\t\t\t\t\t<p>Offrire un percorso di aggiornamento agli insegnanti per rafforzare le loro competenze chiave e i loro profili nell'affrontare le questioni ambientali e verdi, facendo uso del tinkering, un approccio innovativo all'apprendimento che si basa sulla pedagogia basata sull'indagine e sfrutta alcuni degli elementi pi\u00f9 coinvolgenti e motivanti dell'apprendimento personale, immersivo e incentrato sul discente. Si tratta di un approccio caratterizzato dall'impegno attivo con i materiali e le attivit\u00e0, dall'intenzionalit\u00e0 dell'azione e dal desiderio consapevole di imparare a imparare. Tutto questo si ritrova in attivit\u00e0 semplici (o complesse) come l'assemblaggio o lo smontaggio di oggetti o l'esplorazione di materiali per creare manufatti originali.<\/p>\t\t\t\t\t\t\t\t<\/div>\n\t\t\t\t<\/div>\n\t\t\t\t<\/div>\n\t\t\t\t\t<\/div>\n\t\t\t\t<\/div>\n\t\t<div class=\"has_eae_slider elementor-element elementor-element-3b8d9cf e-flex e-con-boxed e-con e-parent\" data-eae-slider=\"80858\" data-id=\"3b8d9cf\" data-element_type=\"container\" data-e-type=\"container\">\n\t\t\t\t\t<div class=\"e-con-inner\">\n\t\t<div class=\"has_eae_slider elementor-element elementor-element-2fe0362 e-con-full e-flex e-con e-child\" data-eae-slider=\"80341\" data-id=\"2fe0362\" data-element_type=\"container\" data-e-type=\"container\">\n\t\t\t\t<div class=\"elementor-element elementor-element-650256e elementor-widget elementor-widget-image\" data-id=\"650256e\" data-element_type=\"widget\" data-e-type=\"widget\" data-widget_type=\"image.default\">\n\t\t\t\t<div class=\"elementor-widget-container\">\n\t\t\t\t\t\t\t\t\t\t\t\t\t\t\t<img fetchpriority=\"high\" decoding=\"async\" width=\"512\" height=\"512\" src=\"https:\/\/ecofutureproject.eu\/wp-content\/uploads\/2023\/07\/goal.png\" class=\"attachment-large size-large wp-image-2087\" alt=\"\" \/>\t\t\t\t\t\t\t\t\t\t\t\t\t\t\t<\/div>\n\t\t\t\t<\/div>\n\t\t\t\t<\/div>\n\t\t<div class=\"has_eae_slider elementor-element elementor-element-d783ed3 e-con-full e-flex e-con e-child\" data-eae-slider=\"29973\" data-id=\"d783ed3\" data-element_type=\"container\" data-e-type=\"container\">\n\t\t\t\t<div class=\"elementor-element elementor-element-decd2ad elementor-widget elementor-widget-text-editor\" data-id=\"decd2ad\" data-element_type=\"widget\" data-e-type=\"widget\" data-widget_type=\"text-editor.default\">\n\t\t\t\t<div class=\"elementor-widget-container\">\n\t\t\t\t\t\t\t\t\t<p>Sostenere i giovani alunni (6-12) a esplorare le questioni ambientali, impegnarsi nella risoluzione dei problemi e sviluppare una mentalit\u00e0 sostenibile e una cittadinanza eco-responsabile che consenta loro di prendere decisioni informate e responsabili nella loro vita quotidiana, dentro e fuori la scuola .<\/p>\t\t\t\t\t\t\t\t<\/div>\n\t\t\t\t<\/div>\n\t\t\t\t<\/div>\n\t\t\t\t\t<\/div>\n\t\t\t\t<\/div>\n\t\t\t\t\t<\/div>\n\t\t<\/div>\n\t\t\t\t\t<\/div>\n\t\t<\/section>\n\t\t<div class=\"has_eae_slider elementor-element elementor-element-0bfacaa e-flex e-con-boxed e-con e-parent\" data-eae-slider=\"79486\" data-id=\"0bfacaa\" data-element_type=\"container\" data-e-type=\"container\">\n\t\t\t\t\t<div class=\"e-con-inner\">\n\t\t\t\t\t<\/div>\n\t\t\t\t<\/div>\n\t\t\t\t<\/div>","protected":false},"excerpt":{"rendered":"<p>Objectives ECO-FUTURE aims: To provide an upskilling pathway programme for teachers to strengthen their key competencies and their profiles in dealing with environmental and green&hellip;<\/p>","protected":false},"author":1,"featured_media":0,"parent":0,"menu_order":0,"comment_status":"closed","ping_status":"closed","template":"","meta":{"footnotes":""},"class_list":["post-1532","page","type-page","status-publish","hentry"],"_links":{"self":[{"href":"https:\/\/ecofutureproject.eu\/it\/wp-json\/wp\/v2\/pages\/1532","targetHints":{"allow":["GET"]}}],"collection":[{"href":"https:\/\/ecofutureproject.eu\/it\/wp-json\/wp\/v2\/pages"}],"about":[{"href":"https:\/\/ecofutureproject.eu\/it\/wp-json\/wp\/v2\/types\/page"}],"author":[{"embeddable":true,"href":"https:\/\/ecofutureproject.eu\/it\/wp-json\/wp\/v2\/users\/1"}],"replies":[{"embeddable":true,"href":"https:\/\/ecofutureproject.eu\/it\/wp-json\/wp\/v2\/comments?post=1532"}],"version-history":[{"count":32,"href":"https:\/\/ecofutureproject.eu\/it\/wp-json\/wp\/v2\/pages\/1532\/revisions"}],"predecessor-version":[{"id":2167,"href":"https:\/\/ecofutureproject.eu\/it\/wp-json\/wp\/v2\/pages\/1532\/revisions\/2167"}],"wp:attachment":[{"href":"https:\/\/ecofutureproject.eu\/it\/wp-json\/wp\/v2\/media?parent=1532"}],"curies":[{"name":"wp","href":"https:\/\/api.w.org\/{rel}","templated":true}]}}