{"id":1957,"date":"2023-06-27T12:27:29","date_gmt":"2023-06-27T12:27:29","guid":{"rendered":"https:\/\/29e4aaa2-b025-48da-b57e-79ef59e549ee.eu02.conves.io\/?page_id=1957"},"modified":"2025-08-07T12:51:42","modified_gmt":"2025-08-07T12:51:42","slug":"privay-policy","status":"publish","type":"page","link":"https:\/\/ecofutureproject.eu\/fi\/privay-policy\/","title":{"rendered":"Tietosuojak\u00e4yt\u00e4nt\u00f6"},"content":{"rendered":"<div data-elementor-type=\"wp-page\" data-elementor-id=\"1957\" class=\"elementor elementor-1957\">\n\t\t\t\t\t\t<section class=\"has_eae_slider elementor-section elementor-top-section elementor-element elementor-element-88ec2ca elementor-section-boxed elementor-section-height-default elementor-section-height-default\" data-eae-slider=\"97731\" data-id=\"88ec2ca\" data-element_type=\"section\" data-e-type=\"section\">\n\t\t\t\t\t\t<div class=\"elementor-container elementor-column-gap-default\">\n\t\t\t\t\t<div class=\"has_eae_slider elementor-column elementor-col-100 elementor-top-column elementor-element elementor-element-c785541\" data-eae-slider=\"40020\" data-id=\"c785541\" data-element_type=\"column\" data-e-type=\"column\">\n\t\t\t<div class=\"elementor-widget-wrap elementor-element-populated\">\n\t\t\t\t\t\t<div class=\"elementor-element elementor-element-9805bfa elementor-widget elementor-widget-heading\" data-id=\"9805bfa\" data-element_type=\"widget\" data-e-type=\"widget\" data-widget_type=\"heading.default\">\n\t\t\t\t<div class=\"elementor-widget-container\">\n\t\t\t\t\t<h2 class=\"elementor-heading-title elementor-size-default\">Tietosuojak\u00e4yt\u00e4nt\u00f6<\/h2>\t\t\t\t<\/div>\n\t\t\t\t<\/div>\n\t\t\t\t<div class=\"elementor-element elementor-element-41c3c83 elementor-widget-divider--view-line elementor-widget elementor-widget-divider\" data-id=\"41c3c83\" data-element_type=\"widget\" data-e-type=\"widget\" data-widget_type=\"divider.default\">\n\t\t\t\t<div class=\"elementor-widget-container\">\n\t\t\t\t\t\t\t<div class=\"elementor-divider\">\n\t\t\t<span class=\"elementor-divider-separator\">\n\t\t\t\t\t\t<\/span>\n\t\t<\/div>\n\t\t\t\t\t\t<\/div>\n\t\t\t\t<\/div>\n\t\t\t\t\t<\/div>\n\t\t<\/div>\n\t\t\t\t\t<\/div>\n\t\t<\/section>\n\t\t\t\t<section class=\"has_eae_slider elementor-section elementor-top-section elementor-element elementor-element-6dee5ae elementor-section-full_width elementor-section-height-default elementor-section-height-default\" data-eae-slider=\"57885\" data-id=\"6dee5ae\" data-element_type=\"section\" data-e-type=\"section\" data-settings=\"{&quot;background_background&quot;:&quot;classic&quot;}\">\n\t\t\t\t\t\t<div class=\"elementor-container elementor-column-gap-default\">\n\t\t\t\t\t<div class=\"has_eae_slider elementor-column elementor-col-100 elementor-top-column elementor-element elementor-element-0a0ee8f\" data-eae-slider=\"33563\" data-id=\"0a0ee8f\" data-element_type=\"column\" data-e-type=\"column\">\n\t\t\t<div class=\"elementor-widget-wrap elementor-element-populated\">\n\t\t\t\t\t\t<div class=\"elementor-element elementor-element-752c821 elementor-widget__width-initial elementor-widget elementor-widget-text-editor\" data-id=\"752c821\" data-element_type=\"widget\" data-e-type=\"widget\" data-widget_type=\"text-editor.default\">\n\t\t\t\t<div class=\"elementor-widget-container\">\n\t\t\t\t\t\t\t\t\t<p><strong>Taide. 13 Asetus EU GDPR 2016\/679<\/strong><\/p><p>Henkil\u00f6tietoja ker\u00e4t\u00e4\u00e4n ja k\u00e4sitell\u00e4\u00e4n s\u00e4\u00e4nn\u00f6sten mukaisesti. EU:n asetuksen 2016\/679 13 \u00a7:n mukaisesti, jotta tietojen k\u00e4sittelyss\u00e4 noudatetaan ihmisten oikeuksia, perusvapauksia ja ihmisarvoa.<\/p><p><strong>Johdanto<\/strong><\/p><p>klo\u00a0<strong>ECO-FUTURE,\u00a0<\/strong>otamme yksityisyytesi vakavasti. Olemme sitoutuneet varmistamaan, ett\u00e4 henkil\u00f6tietosi suojataan tietosuojalakien mukaisesti ja ett\u00e4 niit\u00e4 k\u00e4ytet\u00e4\u00e4n odotustesi mukaisesti.<\/p><p>T\u00e4m\u00e4 tietosuojak\u00e4yt\u00e4nt\u00f6 selitt\u00e4\u00e4, kuinka yhdistyksemme k\u00e4ytt\u00e4\u00e4 henkil\u00f6tietoja, joita ker\u00e4\u00e4mme sinulta, kun k\u00e4yt\u00e4t verkkosivustojamme.<\/p><p><strong>Rekisterinpit\u00e4j\u00e4<\/strong><\/p><p><strong>Havukosken koulu<\/strong>, Tarhakuja 2, 01360 Vantaa, Suomi<\/p><p><a href=\"https:\/\/www.google.com\/search?q=havukosken+koulu+finland&amp;rlz=1C1GCEA_enAL863AL863&amp;oq=Havukosken+koulu+finl&amp;aqs=chrome.1.69i57j33i10i160l2.4856j0j7&amp;sourceid=chrome&amp;ie=UTF-8\">+358 9 83911<\/a>, <a href=\"http:\/\/www.vantaa.fi\/?fbclid=IwAR2d2S2fzzGZkruK3SYong-YyAdcRbFRzYoVqMdLY_NGeMBYsyT-RGOrUog\">http:\/\/www.vantaa.fi\/<\/a><\/p><p><strong>Miten ker\u00e4\u00e4mme tietosi?<\/strong><\/p><p>Tarjoat suoraan <strong>EKOTULEVAUS<\/strong>\u00a0suurimman osan ker\u00e4\u00e4mist\u00e4mme tiedoista. Ker\u00e4\u00e4mme ja k\u00e4sittelemme tietoja, kun sin\u00e4<\/p><ul><li>selata sivustoa;<\/li><li>Through <a href=\"https:\/\/ecofutureproject.eu\/fi\/cookie-policy\/\">cookies<\/a> and similar technologies ;<\/li><li>fill the contact form in the &#8220;<a href=\"https:\/\/ecofutureproject.eu\/fi\/contact\/\" target=\"_blank\" rel=\"noopener\">Contact us<\/a>&#8221; page.<\/li><\/ul><p>T\u00e4m\u00e4n sivuston toimintaan k\u00e4ytett\u00e4v\u00e4t IT-j\u00e4rjestelm\u00e4t ja ohjelmistomenettelyt ker\u00e4\u00e4v\u00e4t s\u00e4\u00e4nn\u00f6llisen toimintansa aikana henkil\u00f6tietoja, joiden v\u00e4litt\u00e4minen liittyy implisiittisesti Internet-viestint\u00e4protokollien k\u00e4ytt\u00f6\u00f6n.<\/p><p>This category of data includes the IP addresses or domain names of the computers and terminals used by users, the addresses in URI \/ URL (Uniform Resource Identifier \/ Locator) notation of the requested resources, the time of the request, the method used in the submit the request to the server, the size of the file obtained in response, the numerical code indicating the status of the response given by the server (successful, error, etc.) and other parameters relating to the operating system and the user&#8217;s computer environment. Through the contact form in the &#8220;<a href=\"https:\/\/ecofutureproject.eu\/fi\/contact\/\" target=\"_blank\" rel=\"noopener\">Contact us<\/a>\u00a0&#8221; page, we collect the personal information you give us, such as your name, surname and email address. Your personal information will be used for the specific reasons stated below only.<\/p><p><strong>Mit\u00e4 tietoja ker\u00e4\u00e4mme?<\/strong><\/p><p>Yhdistyksemme ker\u00e4\u00e4 seuraavat tiedot:<\/p><ul><li>Navigointitiedot<\/li><li>Henkil\u00f6tiedot, jotka ovat nimi, sukunimi ja s\u00e4hk\u00f6postiosoite.<\/li><\/ul><p>Tietoj\u00e4rjestelm\u00e4t ja ohjelmistomenettelyt, joihin t\u00e4m\u00e4n verkkosivuston toiminnassa turvaudutaan, hankkivat henkil\u00f6tietoja osana normaalia toimintaansa; t\u00e4llaisten tietojen l\u00e4hett\u00e4minen on Internet-viestint\u00e4protokollien luontainen ominaisuus.<\/p><p>T\u00e4llaisia tietoja ei ker\u00e4t\u00e4, jotta ne voitaisiin liitt\u00e4\u00e4 tunnistettuihin rekister\u00f6ityihin; luonteensa vuoksi se voi kuitenkin mahdollistaa k\u00e4ytt\u00e4j\u00e4n tunnistamisen sen j\u00e4lkeen, kun se on k\u00e4sitelty ja t\u00e4sm\u00e4ytetty kolmansien osapuolten hallussa olevien tietojen kanssa.<\/p><p>T\u00e4m\u00e4 tietoluokka sis\u00e4lt\u00e4\u00e4 IP-osoitteet ja\/tai t\u00e4lle sivustolle yhdist\u00e4vien k\u00e4ytt\u00e4jien k\u00e4ytt\u00e4mien tietokoneiden verkkotunnusten nimet, pyydettyjen resurssien URI-osoitteet (Uniform Resource Identifier), pyynn\u00f6n ajankohdan, tietyn pyynn\u00f6n l\u00e4hett\u00e4miseen k\u00e4ytetyn menetelm\u00e4n. palvelimelle palautetun tiedoston koon, palvelimen vastaustilaan liittyv\u00e4n numerokoodin (suoritettu onnistuneesti, virhe jne.) ja muita k\u00e4ytt\u00e4j\u00e4n k\u00e4ytt\u00f6j\u00e4rjestelm\u00e4\u00e4n ja tietokoneymp\u00e4rist\u00f6\u00f6n liittyvi\u00e4 parametreja.<\/p><p><strong>Miten k\u00e4yt\u00e4mme tietojasi?<\/strong><\/p><p>N\u00e4it\u00e4 verkkopalveluiden k\u00e4ytt\u00e4miseen tarvittavia ei-henkil\u00f6tietoja ja henkil\u00f6tietoja k\u00e4sitell\u00e4\u00e4n seuraaviin tarkoituksiin:<\/p><ul><li>saada tilastotietoja palvelujen k\u00e4yt\u00f6st\u00e4 (k\u00e4ydyimm\u00e4t sivut, k\u00e4vij\u00f6iden m\u00e4\u00e4r\u00e4 ajan tai p\u00e4iv\u00e4n mukaan, maantieteelliset alkuper\u00e4alueet jne.);<\/li><li>tarkastaa tarjottujen palvelujen moitteeton toiminta.<\/li><li>ota yhteytt\u00e4 vierailijoihimme ja k\u00e4ytt\u00e4jiimme yleisill\u00e4 tai henkil\u00f6kohtaisilla palveluun liittyvill\u00e4 ilmoituksilla ja mainosviesteill\u00e4<\/li><li>noudattaa kaikkia sovellettavia lakeja ja m\u00e4\u00e4r\u00e4yksi\u00e4<\/li><\/ul><div><p><b>Data sharing and third party services<\/b><\/p><p>We do not sell or trade your personal data. However, we may use trusted third-party services or plugins to support website functionality. These may include:<\/p><ul><li>YouTube(embedded videos)<\/li><li>Google Analytics, WP Statistics other tracking tools (usage tracking)<\/li><li>LearnPress or other LMS tools (if applicable)<\/li><li>Other WordPress plugins or content delivery tools<\/li><\/ul><p>These services may collect or process personal data under their own privacy polices<\/p><\/div><div><div><b>Your Data Protection Rights\u00a0<\/b><\/div><div>You have the right to:\u00a0<\/div><div><ul><li>Access your data<\/li><li>Restrict or object to processing\u00a0<\/li><li>Request correction<\/li><li>Request data portability\u00a0<\/li><li>Withdraw your consent at any time\u00a0<\/li><li>File a complaint with the relevant national Data Protection Authority\u00a0<\/li><\/ul><\/div><div>\u00a0<\/div><div>To exercise your rights, please contact us using the contact details above.\u00a0<\/div><\/div><p>Navigointitietoja k\u00e4ytet\u00e4\u00e4n vain anonyymien tilastotietojen poimimiseen verkkosivuston k\u00e4yt\u00f6st\u00e4 sek\u00e4 sen toiminnan tarkistamiseen.<\/p><p>N\u00e4m\u00e4 tiedot s\u00e4ilyv\u00e4t korkeintaan seitsem\u00e4n p\u00e4iv\u00e4\u00e4 (lukuun ottamatta oikeusviranomaisten tarvetta havaita rikoksia).<\/p>\t\t\t\t\t\t\t\t<\/div>\n\t\t\t\t<\/div>\n\t\t\t\t\t<\/div>\n\t\t<\/div>\n\t\t\t\t\t<\/div>\n\t\t<\/section>\n\t\t\t\t<\/div>","protected":false},"excerpt":{"rendered":"<p>Privacy Policy Art. 13 Regulation UE GDPR 2016\/679 Personal data shall be collected and processed according to art. 13 of EU Regulation 2016\/679 to guarantee&hellip;<\/p>","protected":false},"author":1,"featured_media":0,"parent":0,"menu_order":0,"comment_status":"closed","ping_status":"closed","template":"","meta":{"footnotes":""},"class_list":["post-1957","page","type-page","status-publish","hentry"],"_links":{"self":[{"href":"https:\/\/ecofutureproject.eu\/fi\/wp-json\/wp\/v2\/pages\/1957","targetHints":{"allow":["GET"]}}],"collection":[{"href":"https:\/\/ecofutureproject.eu\/fi\/wp-json\/wp\/v2\/pages"}],"about":[{"href":"https:\/\/ecofutureproject.eu\/fi\/wp-json\/wp\/v2\/types\/page"}],"author":[{"embeddable":true,"href":"https:\/\/ecofutureproject.eu\/fi\/wp-json\/wp\/v2\/users\/1"}],"replies":[{"embeddable":true,"href":"https:\/\/ecofutureproject.eu\/fi\/wp-json\/wp\/v2\/comments?post=1957"}],"version-history":[{"count":23,"href":"https:\/\/ecofutureproject.eu\/fi\/wp-json\/wp\/v2\/pages\/1957\/revisions"}],"predecessor-version":[{"id":2581,"href":"https:\/\/ecofutureproject.eu\/fi\/wp-json\/wp\/v2\/pages\/1957\/revisions\/2581"}],"wp:attachment":[{"href":"https:\/\/ecofutureproject.eu\/fi\/wp-json\/wp\/v2\/media?parent=1957"}],"curies":[{"name":"wp","href":"https:\/\/api.w.org\/{rel}","templated":true}]}}