{"id":1576,"date":"2023-01-25T12:59:14","date_gmt":"2023-01-25T12:59:14","guid":{"rendered":"https:\/\/29e4aaa2-b025-48da-b57e-79ef59e549ee.eu02.conves.io\/?page_id=1576"},"modified":"2023-07-26T07:15:01","modified_gmt":"2023-07-26T07:15:01","slug":"home","status":"publish","type":"page","link":"https:\/\/ecofutureproject.eu\/fi\/","title":{"rendered":"Etusivu"},"content":{"rendered":"<div data-elementor-type=\"wp-page\" data-elementor-id=\"1576\" class=\"elementor elementor-1576\">\n\t\t\t\t<div class=\"has_eae_slider elementor-element elementor-element-421ce7a e-flex e-con-boxed e-con e-parent\" data-eae-slider=\"29773\" data-id=\"421ce7a\" data-element_type=\"container\" data-e-type=\"container\" data-settings=\"{&quot;background_background&quot;:&quot;classic&quot;}\">\n\t\t\t\t\t<div class=\"e-con-inner\">\n\t\t\t\t<div class=\"elementor-element elementor-element-b130e33 animated-slow elementor-invisible elementor-widget elementor-widget-image\" data-id=\"b130e33\" data-element_type=\"widget\" data-e-type=\"widget\" data-settings=\"{&quot;_animation&quot;:&quot;rotateIn&quot;}\" data-widget_type=\"image.default\">\n\t\t\t\t<div class=\"elementor-widget-container\">\n\t\t\t\t\t\t\t\t\t\t\t\t\t\t\t<img fetchpriority=\"high\" decoding=\"async\" width=\"512\" height=\"512\" src=\"https:\/\/ecofutureproject.eu\/wp-content\/uploads\/2023\/07\/cropped-ECO-FUTURE_logos.pdf-1.png\" class=\"elementor-animation-grow-rotate attachment-large size-large wp-image-2026\" alt=\"\" srcset=\"https:\/\/ecofutureproject.eu\/wp-content\/uploads\/2023\/07\/cropped-ECO-FUTURE_logos.pdf-1.png 512w, https:\/\/ecofutureproject.eu\/wp-content\/uploads\/2023\/07\/cropped-ECO-FUTURE_logos.pdf-1-300x300.png 300w, https:\/\/ecofutureproject.eu\/wp-content\/uploads\/2023\/07\/cropped-ECO-FUTURE_logos.pdf-1-150x150.png 150w, https:\/\/ecofutureproject.eu\/wp-content\/uploads\/2023\/07\/cropped-ECO-FUTURE_logos.pdf-1-12x12.png 12w, https:\/\/ecofutureproject.eu\/wp-content\/uploads\/2023\/07\/cropped-ECO-FUTURE_logos.pdf-1-270x270.png 270w, https:\/\/ecofutureproject.eu\/wp-content\/uploads\/2023\/07\/cropped-ECO-FUTURE_logos.pdf-1-192x192.png 192w, https:\/\/ecofutureproject.eu\/wp-content\/uploads\/2023\/07\/cropped-ECO-FUTURE_logos.pdf-1-180x180.png 180w, https:\/\/ecofutureproject.eu\/wp-content\/uploads\/2023\/07\/cropped-ECO-FUTURE_logos.pdf-1-32x32.png 32w\" sizes=\"(max-width: 512px) 100vw, 512px\" \/>\t\t\t\t\t\t\t\t\t\t\t\t\t\t\t<\/div>\n\t\t\t\t<\/div>\n\t\t\t\t\t<\/div>\n\t\t\t\t<\/div>\n\t\t\t\t<section class=\"has_eae_slider elementor-section elementor-top-section elementor-element elementor-element-8854421 elementor-section-boxed elementor-section-height-default elementor-section-height-default\" data-eae-slider=\"57989\" data-id=\"8854421\" data-element_type=\"section\" data-e-type=\"section\" data-settings=\"{&quot;background_background&quot;:&quot;classic&quot;}\">\n\t\t\t\t\t\t<div class=\"elementor-container elementor-column-gap-no\">\n\t\t\t\t\t<div class=\"has_eae_slider elementor-column elementor-col-100 elementor-top-column elementor-element elementor-element-6794809\" data-eae-slider=\"70249\" data-id=\"6794809\" data-element_type=\"column\" data-e-type=\"column\">\n\t\t\t<div class=\"elementor-widget-wrap elementor-element-populated\">\n\t\t\t\t\t\t<div class=\"elementor-element elementor-element-eb69ea0 elementor-widget elementor-widget-heading\" data-id=\"eb69ea0\" data-element_type=\"widget\" data-e-type=\"widget\" data-widget_type=\"heading.default\">\n\t\t\t\t<div class=\"elementor-widget-container\">\n\t\t\t\t\t<h2 class=\"elementor-heading-title elementor-size-default\">Kiertotalouden opettaminen <br>tuleville sukupolville<\/h2>\t\t\t\t<\/div>\n\t\t\t\t<\/div>\n\t\t\t\t<div class=\"elementor-element elementor-element-aab8f84 elementor-widget elementor-widget-heading\" data-id=\"aab8f84\" data-element_type=\"widget\" data-e-type=\"widget\" data-widget_type=\"heading.default\">\n\t\t\t\t<div class=\"elementor-widget-container\">\n\t\t\t\t\t<h2 class=\"elementor-heading-title elementor-size-default\">ECO-FUTURE on 24 kuukauden mittainen kouluopetuksen alan yhteisty\u00f6kumppanuus, jonka tavoitteena on edist\u00e4\u00e4 opettajien kukoistavaa ja tukevaa j\u00e4rjestelm\u00e4\u00e4, jonka avulla he voivat kouluttaa lapsia kiertotaloudesta ja edist\u00e4\u00e4 n\u00e4in my\u00f6nteisi\u00e4 yhteiskunnallisia hy\u00f6tyj\u00e4. <\/h2>\t\t\t\t<\/div>\n\t\t\t\t<\/div>\n\t\t\t\t<div class=\"elementor-element elementor-element-89a2879 elementor-widget-divider--view-line elementor-widget elementor-widget-divider\" data-id=\"89a2879\" data-element_type=\"widget\" data-e-type=\"widget\" data-widget_type=\"divider.default\">\n\t\t\t\t<div class=\"elementor-widget-container\">\n\t\t\t\t\t\t\t<div class=\"elementor-divider\">\n\t\t\t<span class=\"elementor-divider-separator\">\n\t\t\t\t\t\t<\/span>\n\t\t<\/div>\n\t\t\t\t\t\t<\/div>\n\t\t\t\t<\/div>\n\t\t\t\t<div class=\"elementor-element elementor-element-b6938a7 elementor-align-center elementor-widget elementor-widget-button\" data-id=\"b6938a7\" data-element_type=\"widget\" data-e-type=\"widget\" data-widget_type=\"button.default\">\n\t\t\t\t<div class=\"elementor-widget-container\">\n\t\t\t\t\t\t\t\t\t<div class=\"elementor-button-wrapper\">\n\t\t\t\t\t<a class=\"elementor-button elementor-button-link elementor-size-md elementor-animation-float\" href=\"https:\/\/f601d032-83b6-464b-ba6c-1c2e5c0234e3.eu02.conves.io\/about\/\">\n\t\t\t\t\t\t<span class=\"elementor-button-content-wrapper\">\n\t\t\t\t\t\t\t\t\t<span class=\"elementor-button-text\">Lue lis\u00e4\u00e4!<\/span>\n\t\t\t\t\t<\/span>\n\t\t\t\t\t<\/a>\n\t\t\t\t<\/div>\n\t\t\t\t\t\t\t\t<\/div>\n\t\t\t\t<\/div>\n\t\t\t\t\t<\/div>\n\t\t<\/div>\n\t\t\t\t\t<\/div>\n\t\t<\/section>\n\t\t\t\t<section class=\"has_eae_slider elementor-section elementor-top-section elementor-element elementor-element-d3ea863 elementor-section-boxed elementor-section-height-default elementor-section-height-default\" data-eae-slider=\"90440\" data-id=\"d3ea863\" data-element_type=\"section\" data-e-type=\"section\">\n\t\t\t\t\t\t<div class=\"elementor-container elementor-column-gap-default\">\n\t\t\t\t\t<div class=\"has_eae_slider elementor-column elementor-col-100 elementor-top-column elementor-element elementor-element-ecbc3bb\" data-eae-slider=\"1297\" data-id=\"ecbc3bb\" data-element_type=\"column\" data-e-type=\"column\">\n\t\t\t<div class=\"elementor-widget-wrap\">\n\t\t\t\t\t\t\t<\/div>\n\t\t<\/div>\n\t\t\t\t\t<\/div>\n\t\t<\/section>\n\t\t\t\t<\/div>","protected":false},"excerpt":{"rendered":"<p>Kiertotalouden opettaminen TULEVAISILLE sukupolville ECO-FUTURE on 24 kuukauden yhteisty\u00f6kumppanuus kouluopetuksen alalla, jonka tavoitteena on edist\u00e4\u00e4 kukoistavaa, kannustavaa\u2026<\/p>","protected":false},"author":1,"featured_media":0,"parent":0,"menu_order":0,"comment_status":"closed","ping_status":"closed","template":"","meta":{"footnotes":""},"class_list":["post-1576","page","type-page","status-publish","hentry"],"_links":{"self":[{"href":"https:\/\/ecofutureproject.eu\/fi\/wp-json\/wp\/v2\/pages\/1576","targetHints":{"allow":["GET"]}}],"collection":[{"href":"https:\/\/ecofutureproject.eu\/fi\/wp-json\/wp\/v2\/pages"}],"about":[{"href":"https:\/\/ecofutureproject.eu\/fi\/wp-json\/wp\/v2\/types\/page"}],"author":[{"embeddable":true,"href":"https:\/\/ecofutureproject.eu\/fi\/wp-json\/wp\/v2\/users\/1"}],"replies":[{"embeddable":true,"href":"https:\/\/ecofutureproject.eu\/fi\/wp-json\/wp\/v2\/comments?post=1576"}],"version-history":[{"count":107,"href":"https:\/\/ecofutureproject.eu\/fi\/wp-json\/wp\/v2\/pages\/1576\/revisions"}],"predecessor-version":[{"id":2163,"href":"https:\/\/ecofutureproject.eu\/fi\/wp-json\/wp\/v2\/pages\/1576\/revisions\/2163"}],"wp:attachment":[{"href":"https:\/\/ecofutureproject.eu\/fi\/wp-json\/wp\/v2\/media?parent=1576"}],"curies":[{"name":"wp","href":"https:\/\/api.w.org\/{rel}","templated":true}]}}