{"id":1527,"date":"2023-01-25T11:56:34","date_gmt":"2023-01-25T11:56:34","guid":{"rendered":"https:\/\/29e4aaa2-b025-48da-b57e-79ef59e549ee.eu02.conves.io\/?page_id=1527"},"modified":"2023-07-26T07:19:32","modified_gmt":"2023-07-26T07:19:32","slug":"about","status":"publish","type":"page","link":"https:\/\/ecofutureproject.eu\/fi\/about\/","title":{"rendered":"About"},"content":{"rendered":"<div data-elementor-type=\"wp-page\" data-elementor-id=\"1527\" class=\"elementor elementor-1527\">\n\t\t\t\t\t\t<section class=\"has_eae_slider elementor-section elementor-top-section elementor-element elementor-element-72a59e7 elementor-section-boxed elementor-section-height-default elementor-section-height-default\" data-eae-slider=\"51711\" data-id=\"72a59e7\" data-element_type=\"section\" data-e-type=\"section\">\n\t\t\t\t\t\t<div class=\"elementor-container elementor-column-gap-default\">\n\t\t\t\t\t<div class=\"has_eae_slider elementor-column elementor-col-100 elementor-top-column elementor-element elementor-element-3ec3451\" data-eae-slider=\"79499\" data-id=\"3ec3451\" data-element_type=\"column\" data-e-type=\"column\">\n\t\t\t<div class=\"elementor-widget-wrap elementor-element-populated\">\n\t\t\t\t\t\t<div class=\"elementor-element elementor-element-178408b elementor-widget elementor-widget-heading\" data-id=\"178408b\" data-element_type=\"widget\" data-e-type=\"widget\" data-widget_type=\"heading.default\">\n\t\t\t\t<div class=\"elementor-widget-container\">\n\t\t\t\t\t<h2 class=\"elementor-heading-title elementor-size-default\">About<\/h2>\t\t\t\t<\/div>\n\t\t\t\t<\/div>\n\t\t\t\t<div class=\"elementor-element elementor-element-60544c9 elementor-widget-divider--view-line elementor-widget elementor-widget-divider\" data-id=\"60544c9\" data-element_type=\"widget\" data-e-type=\"widget\" data-widget_type=\"divider.default\">\n\t\t\t\t<div class=\"elementor-widget-container\">\n\t\t\t\t\t\t\t<div class=\"elementor-divider\">\n\t\t\t<span class=\"elementor-divider-separator\">\n\t\t\t\t\t\t<\/span>\n\t\t<\/div>\n\t\t\t\t\t\t<\/div>\n\t\t\t\t<\/div>\n\t\t\t\t\t<\/div>\n\t\t<\/div>\n\t\t\t\t\t<\/div>\n\t\t<\/section>\n\t\t\t\t<section class=\"has_eae_slider elementor-section elementor-top-section elementor-element elementor-element-6dee5ae elementor-section-full_width elementor-section-height-default elementor-section-height-default\" data-eae-slider=\"20160\" data-id=\"6dee5ae\" data-element_type=\"section\" data-e-type=\"section\" data-settings=\"{&quot;background_background&quot;:&quot;classic&quot;}\">\n\t\t\t\t\t\t<div class=\"elementor-container elementor-column-gap-default\">\n\t\t\t\t\t<div class=\"has_eae_slider elementor-column elementor-col-100 elementor-top-column elementor-element elementor-element-0a0ee8f\" data-eae-slider=\"11827\" data-id=\"0a0ee8f\" data-element_type=\"column\" data-e-type=\"column\">\n\t\t\t<div class=\"elementor-widget-wrap elementor-element-populated\">\n\t\t\t\t\t\t<div class=\"elementor-element elementor-element-752c821 elementor-widget elementor-widget-text-editor\" data-id=\"752c821\" data-element_type=\"widget\" data-e-type=\"widget\" data-widget_type=\"text-editor.default\">\n\t\t\t\t<div class=\"elementor-widget-container\">\n\t\t\t\t\t\t\t\t\t<p>ECO-FUTURE on 24 kuukauden mittainen kouluopetuksen alan yhteisty\u00f6kumppanuus, jonka tavoitteena on edist\u00e4\u00e4 opettajien kukoistavaa ja tukevaa j\u00e4rjestelm\u00e4\u00e4, jonka avulla he voivat kouluttaa lapsia kiertotaloudesta ja edist\u00e4\u00e4 n\u00e4in my\u00f6nteisi\u00e4 yhteiskunnallisia hy\u00f6tyj\u00e4.<\/p><p>Projektin idea l\u00e4htee ajatuksesta, ett\u00e4 Covid-19 osoitti maailmalle tarpeen ajatella ja suunnitella uudelleen toimintatapojamme. Viimeaikainen koronaviruskriisi on tuonut tuhoisia inhimillisi\u00e4 ja taloudellisia seurauksia, jotka paljastavat j\u00e4rjestelm\u00e4mme altistumisen erilaisille riskeille. Pandemia pakottaa meid\u00e4t mukauttamaan jokap\u00e4iv\u00e4ist\u00e4 el\u00e4m\u00e4\u00e4mme tavoilla, joita emme olisi uskoneet, se haastaa meid\u00e4t my\u00f6s ajattelemaan uudelleen talouden perustana olevia j\u00e4rjestelmi\u00e4.<\/p><p>T\u00e4ss\u00e4 yhteydess\u00e4 &quot;ECO-FUTURE&quot; aikoo edist\u00e4\u00e4 kasvatusl\u00e4hestymistapaa, jonka tavoitteena on kehitt\u00e4\u00e4 opiskelijoille, kouluille ja yhteis\u00f6ille arvoja ja motivaatiota toimia kest\u00e4v\u00e4n kehityksen puolesta \u2013 henkil\u00f6kohtaisessa el\u00e4m\u00e4ss\u00e4\u00e4n, yhteis\u00f6ss\u00e4 ja maailmanlaajuisesti. tulevaisuutta.<\/p>\t\t\t\t\t\t\t\t<\/div>\n\t\t\t\t<\/div>\n\t\t\t\t\t<\/div>\n\t\t<\/div>\n\t\t\t\t\t<\/div>\n\t\t<\/section>\n\t\t\t\t<\/div>","protected":false},"excerpt":{"rendered":"<p>About ECO-FUTURE is a 24-month Cooperation Partnership in the field of School education aimed at promoting a thriving, supportive scheme for teachers to educate children&hellip;<\/p>","protected":false},"author":1,"featured_media":0,"parent":0,"menu_order":0,"comment_status":"closed","ping_status":"closed","template":"","meta":{"footnotes":""},"class_list":["post-1527","page","type-page","status-publish","hentry"],"_links":{"self":[{"href":"https:\/\/ecofutureproject.eu\/fi\/wp-json\/wp\/v2\/pages\/1527","targetHints":{"allow":["GET"]}}],"collection":[{"href":"https:\/\/ecofutureproject.eu\/fi\/wp-json\/wp\/v2\/pages"}],"about":[{"href":"https:\/\/ecofutureproject.eu\/fi\/wp-json\/wp\/v2\/types\/page"}],"author":[{"embeddable":true,"href":"https:\/\/ecofutureproject.eu\/fi\/wp-json\/wp\/v2\/users\/1"}],"replies":[{"embeddable":true,"href":"https:\/\/ecofutureproject.eu\/fi\/wp-json\/wp\/v2\/comments?post=1527"}],"version-history":[{"count":39,"href":"https:\/\/ecofutureproject.eu\/fi\/wp-json\/wp\/v2\/pages\/1527\/revisions"}],"predecessor-version":[{"id":2173,"href":"https:\/\/ecofutureproject.eu\/fi\/wp-json\/wp\/v2\/pages\/1527\/revisions\/2173"}],"wp:attachment":[{"href":"https:\/\/ecofutureproject.eu\/fi\/wp-json\/wp\/v2\/media?parent=1527"}],"curies":[{"name":"wp","href":"https:\/\/api.w.org\/{rel}","templated":true}]}}